{"id":12,"date":"2021-11-06T17:17:23","date_gmt":"2021-11-06T17:17:23","guid":{"rendered":"https:\/\/fr-boxing.com.ar\/wordpress\/?page_id=12"},"modified":"2025-03-17T15:39:14","modified_gmt":"2025-03-17T15:39:14","slug":"inicio","status":"publish","type":"page","link":"http:\/\/fr-boxing.com.ar\/wordpress\/","title":{"rendered":"Inicio"},"content":{"rendered":"\n<div class=\"wp-block-cover alignfull is-light\" style=\"min-height:700px;aspect-ratio:unset;\"><span aria-hidden=\"true\" class=\"wp-block-cover__background has-background-dim-0 has-background-dim\"><\/span><img loading=\"lazy\" decoding=\"async\" width=\"1781\" height=\"1180\" class=\"wp-block-cover__image-background wp-image-69\" alt=\"\" src=\"https:\/\/fr-boxing.com.ar\/wordpress\/wp-content\/uploads\/2021\/11\/FR-torneo-33-2.jpg\" style=\"object-position:48% 54%\" data-object-fit=\"cover\" data-object-position=\"48% 54%\" srcset=\"http:\/\/fr-boxing.com.ar\/wordpress\/wp-content\/uploads\/2021\/11\/FR-torneo-33-2.jpg 1781w, http:\/\/fr-boxing.com.ar\/wordpress\/wp-content\/uploads\/2021\/11\/FR-torneo-33-2-300x199.jpg 300w, http:\/\/fr-boxing.com.ar\/wordpress\/wp-content\/uploads\/2021\/11\/FR-torneo-33-2-1024x678.jpg 1024w, http:\/\/fr-boxing.com.ar\/wordpress\/wp-content\/uploads\/2021\/11\/FR-torneo-33-2-768x509.jpg 768w, http:\/\/fr-boxing.com.ar\/wordpress\/wp-content\/uploads\/2021\/11\/FR-torneo-33-2-1536x1018.jpg 1536w\" sizes=\"auto, (max-width: 1781px) 100vw, 1781px\" \/><div class=\"wp-block-cover__inner-container is-layout-flow wp-block-cover-is-layout-flow\">\n<p><\/p>\n\n\n\n<p><\/p>\n\n\n\n<h1 class=\"has-text-align-center has-neve-link-color-color has-text-color has-large-font-size wp-block-heading\">ENTREN\u00c1 DIFERENTE<\/h1>\n\n\n\n<div style=\"height:1px\" aria-hidden=\"true\" class=\"wp-block-spacer\"><\/div>\n\n\n\n<p class=\"has-text-align-center has-text-color\" style=\"color:#121212;font-size:17px\">Una sesi\u00f3n t\u00edpica de boxeo puede quemar hasta 1.000 calor\u00edas, en comparaci\u00f3n con otros entrenamientos de cardio. La intensidad de esta practica deportiva convierte al boxeo en un entrenamiento ideal para perder peso y ganar fuerza.<\/p>\n\n\n\n<div class=\"wp-block-buttons is-horizontal is-content-justification-center is-layout-flex wp-container-core-buttons-is-layout-1 wp-block-buttons-is-layout-flex\">\n<div class=\"wp-block-button is-style-primary\"><a class=\"wp-block-button__link wp-element-button\" href=\"#\">LEER M\u00c1S<\/a><\/div>\n\n\n\n<div class=\"wp-block-button is-style-secondary\"><a class=\"wp-block-button__link wp-element-button\" href=\"https:\/\/www.instagram.com\/frboxing.ok\/\" target=\"_blank\" rel=\"noreferrer noopener\">As\u00ed entrenamos<\/a><\/div>\n<\/div>\n\n\n\n<div style=\"height:80px\" aria-hidden=\"true\" class=\"wp-block-spacer\"><\/div>\n\n\n\n<div style=\"height:180px\" aria-hidden=\"true\" class=\"wp-block-spacer\"><\/div>\n\n\n\n<p><\/p>\n<\/div><\/div>\n\n\n\n<div style=\"height:137px\" aria-hidden=\"true\" class=\"wp-block-spacer\"><\/div>\n\n\n\n<div class=\"wp-block-columns is-layout-flex wp-container-core-columns-is-layout-1 wp-block-columns-is-layout-flex\">\n<div class=\"wp-block-column is-layout-flow wp-block-column-is-layout-flow\">\n<h3 class=\"has-text-align-center has-neve-text-color-color has-text-color wp-block-heading\">CUMPL\u00cd TUS OBJETIVOS<\/h3>\n\n\n\n<p class=\"has-text-align-center\">Nosotros como profesionales te ayudamos y acompa\u00f1amos para que puedas cumplir todas tus metas.<\/p>\n\n\n\n<div style=\"height:20px\" aria-hidden=\"true\" class=\"wp-block-spacer\"><\/div>\n<\/div>\n\n\n\n<div class=\"wp-block-column is-layout-flow wp-block-column-is-layout-flow\">\n<h3 class=\"has-text-align-center has-neve-text-color-color has-text-color wp-block-heading\">TONIFIC\u00c1<\/h3>\n\n\n\n<p class=\"has-text-align-center\">En FR-Boxing entrenamos todo el cuerpo, vamos a tonificar piernas, zona media, espalda y brazos.<\/p>\n\n\n\n<div style=\"height:20px\" aria-hidden=\"true\" class=\"wp-block-spacer\"><\/div>\n<\/div>\n\n\n\n<div class=\"wp-block-column is-layout-flow wp-block-column-is-layout-flow\">\n<h3 class=\"has-text-align-center has-neve-text-color-color has-text-color wp-block-heading\">TRABAJAMOS DURO<\/h3>\n\n\n\n<p class=\"has-text-align-center\">Trabajamos duro para obtener resultados, depende tanto de nosotros como de tu compromiso.<\/p>\n\n\n\n<div style=\"height:20px\" aria-hidden=\"true\" class=\"wp-block-spacer\"><\/div>\n<\/div>\n<\/div>\n\n\n\n<div style=\"height:80px\" aria-hidden=\"true\" class=\"wp-block-spacer\"><\/div>\n\n\n\n<div class=\"wp-block-cover alignfull is-light\" style=\"min-height:600px;aspect-ratio:unset;\"><span aria-hidden=\"true\" class=\"wp-block-cover__background has-nv-light-bg-background-color has-background-dim-100 has-background-dim\"><\/span><div class=\"wp-block-cover__inner-container is-layout-flow wp-block-cover-is-layout-flow\">\n<div class=\"wp-block-group\"><div class=\"wp-block-group__inner-container is-layout-flow wp-block-group-is-layout-flow\">\n<div style=\"height:80px\" aria-hidden=\"true\" class=\"wp-block-spacer\"><\/div>\n\n\n\n<div class=\"wp-block-columns are-vertically-aligned-center is-layout-flex wp-container-core-columns-is-layout-2 wp-block-columns-is-layout-flex\">\n<div class=\"wp-block-column is-vertically-aligned-center is-layout-flow wp-block-column-is-layout-flow\" style=\"flex-basis:50%\">\n<figure class=\"wp-block-image size-large\"><img loading=\"lazy\" decoding=\"async\" width=\"1024\" height=\"1024\" src=\"https:\/\/fr-boxing.com.ar\/wordpress\/wp-content\/uploads\/2021\/11\/DSC_1015-2-1024x1024.jpg\" alt=\"\" class=\"wp-image-79\" srcset=\"http:\/\/fr-boxing.com.ar\/wordpress\/wp-content\/uploads\/2021\/11\/DSC_1015-2-1024x1024.jpg 1024w, http:\/\/fr-boxing.com.ar\/wordpress\/wp-content\/uploads\/2021\/11\/DSC_1015-2-300x300.jpg 300w, http:\/\/fr-boxing.com.ar\/wordpress\/wp-content\/uploads\/2021\/11\/DSC_1015-2-150x150.jpg 150w, http:\/\/fr-boxing.com.ar\/wordpress\/wp-content\/uploads\/2021\/11\/DSC_1015-2-768x768.jpg 768w, http:\/\/fr-boxing.com.ar\/wordpress\/wp-content\/uploads\/2021\/11\/DSC_1015-2-1536x1536.jpg 1536w, http:\/\/fr-boxing.com.ar\/wordpress\/wp-content\/uploads\/2021\/11\/DSC_1015-2-2048x2048.jpg 2048w\" sizes=\"auto, (max-width: 1024px) 100vw, 1024px\" \/><\/figure>\n<\/div>\n\n\n\n<div class=\"wp-block-column is-vertically-aligned-center is-layout-flow wp-block-column-is-layout-flow\" style=\"flex-basis:50%\">\n<div style=\"height:20px\" aria-hidden=\"true\" class=\"wp-block-spacer\"><\/div>\n\n\n\n<h2 class=\"has-text-align-left has-neve-text-color-color has-text-color wp-block-heading\">Nuestro  sistema<\/h2>\n\n\n\n<p class=\"has-text-align-left has-neve-text-color-color has-text-color\" style=\"font-size:17px\">En FR-Boxing el boxeo, los ejercicios de crossfit y funcional son solo uno. Es un sistema de entrenamiento integrado.<\/p>\n\n\n\n<div class=\"wp-block-buttons is-horizontal is-content-justification-left is-layout-flex wp-container-core-buttons-is-layout-2 wp-block-buttons-is-layout-flex\">\n<div class=\"wp-block-button is-style-primary\"><a class=\"wp-block-button__link wp-element-button\" href=\"#\">LEER M\u00c1S<\/a><\/div>\n<\/div>\n<\/div>\n<\/div>\n\n\n\n<div style=\"height:40px\" aria-hidden=\"true\" class=\"wp-block-spacer\"><\/div>\n<\/div><\/div>\n<\/div><\/div>\n\n\n\n<div class=\"wp-block-cover alignfull is-light\" style=\"min-height:600px;aspect-ratio:unset;\"><span aria-hidden=\"true\" class=\"wp-block-cover__background has-nv-site-bg-background-color has-background-dim-100 has-background-dim\"><\/span><div class=\"wp-block-cover__inner-container is-layout-flow wp-block-cover-is-layout-flow\">\n<div class=\"wp-block-group\"><div class=\"wp-block-group__inner-container is-layout-flow wp-block-group-is-layout-flow\">\n<div style=\"height:80px\" aria-hidden=\"true\" class=\"wp-block-spacer\"><\/div>\n\n\n\n<div class=\"wp-block-columns are-vertically-aligned-center is-layout-flex wp-container-core-columns-is-layout-3 wp-block-columns-is-layout-flex\">\n<div class=\"wp-block-column is-vertically-aligned-center is-layout-flow wp-block-column-is-layout-flow\" style=\"flex-basis:50%\">\n<h2 class=\"has-text-align-left has-neve-text-color-color has-text-color wp-block-heading\">No hay l\u00edmites de edad<\/h2>\n\n\n\n<p class=\"has-text-align-left has-neve-text-color-color has-text-color\" style=\"font-size:17px\">Siempre tenemos edad para aprender algo nuevo en la vida, siempre desde la prudencia y el consejo de un profesional con rigor.<\/p>\n\n\n\n<div class=\"wp-block-buttons is-horizontal is-content-justification-left is-layout-flex wp-container-core-buttons-is-layout-3 wp-block-buttons-is-layout-flex\">\n<div class=\"wp-block-button is-style-primary\"><a class=\"wp-block-button__link wp-element-button\" href=\"#\">LEER M\u00c1S<\/a><\/div>\n<\/div>\n\n\n\n<div style=\"height:40px\" aria-hidden=\"true\" class=\"wp-block-spacer\"><\/div>\n<\/div>\n\n\n\n<div class=\"wp-block-column is-vertically-aligned-center is-layout-flow wp-block-column-is-layout-flow\" style=\"flex-basis:50%\">\n<figure class=\"wp-block-image size-large\"><img loading=\"lazy\" decoding=\"async\" width=\"1024\" height=\"1024\" src=\"https:\/\/fr-boxing.com.ar\/wordpress\/wp-content\/uploads\/2021\/11\/imagen1-1024x1024.jpg\" alt=\"\" class=\"wp-image-81\" srcset=\"http:\/\/fr-boxing.com.ar\/wordpress\/wp-content\/uploads\/2021\/11\/imagen1-1024x1024.jpg 1024w, http:\/\/fr-boxing.com.ar\/wordpress\/wp-content\/uploads\/2021\/11\/imagen1-300x300.jpg 300w, http:\/\/fr-boxing.com.ar\/wordpress\/wp-content\/uploads\/2021\/11\/imagen1-150x150.jpg 150w, http:\/\/fr-boxing.com.ar\/wordpress\/wp-content\/uploads\/2021\/11\/imagen1-768x768.jpg 768w, http:\/\/fr-boxing.com.ar\/wordpress\/wp-content\/uploads\/2021\/11\/imagen1.jpg 1080w\" sizes=\"auto, (max-width: 1024px) 100vw, 1024px\" \/><\/figure>\n<\/div>\n<\/div>\n\n\n\n<div style=\"height:40px\" aria-hidden=\"true\" class=\"wp-block-spacer\"><\/div>\n<\/div><\/div>\n<\/div><\/div>\n\n\n\n<div class=\"wp-block-cover alignfull is-light\" style=\"min-height:600px;aspect-ratio:unset;\"><span aria-hidden=\"true\" class=\"wp-block-cover__background has-nv-dark-bg-background-color has-background-dim-100 has-background-dim\"><\/span><div class=\"wp-block-cover__inner-container is-layout-flow wp-block-cover-is-layout-flow\">\n<div class=\"wp-block-group\"><div class=\"wp-block-group__inner-container is-layout-flow wp-block-group-is-layout-flow\">\n<div style=\"height:80px\" aria-hidden=\"true\" class=\"wp-block-spacer\"><\/div>\n\n\n\n<div class=\"wp-block-columns are-vertically-aligned-center is-layout-flex wp-container-core-columns-is-layout-4 wp-block-columns-is-layout-flex\">\n<div class=\"wp-block-column is-vertically-aligned-center is-layout-flow wp-block-column-is-layout-flow\" style=\"flex-basis:50%\">\n<figure class=\"wp-block-image size-large\"><img loading=\"lazy\" decoding=\"async\" width=\"1024\" height=\"1024\" src=\"https:\/\/fr-boxing.com.ar\/wordpress\/wp-content\/uploads\/2021\/11\/DSC_0893-2-1024x1024.jpg\" alt=\"\" class=\"wp-image-103\" srcset=\"http:\/\/fr-boxing.com.ar\/wordpress\/wp-content\/uploads\/2021\/11\/DSC_0893-2-1024x1024.jpg 1024w, http:\/\/fr-boxing.com.ar\/wordpress\/wp-content\/uploads\/2021\/11\/DSC_0893-2-300x300.jpg 300w, http:\/\/fr-boxing.com.ar\/wordpress\/wp-content\/uploads\/2021\/11\/DSC_0893-2-150x150.jpg 150w, http:\/\/fr-boxing.com.ar\/wordpress\/wp-content\/uploads\/2021\/11\/DSC_0893-2-768x768.jpg 768w, http:\/\/fr-boxing.com.ar\/wordpress\/wp-content\/uploads\/2021\/11\/DSC_0893-2-1536x1536.jpg 1536w, http:\/\/fr-boxing.com.ar\/wordpress\/wp-content\/uploads\/2021\/11\/DSC_0893-2-2048x2048.jpg 2048w\" sizes=\"auto, (max-width: 1024px) 100vw, 1024px\" \/><\/figure>\n<\/div>\n\n\n\n<div class=\"wp-block-column is-vertically-aligned-center is-layout-flow wp-block-column-is-layout-flow\" style=\"flex-basis:50%\">\n<div style=\"height:40px\" aria-hidden=\"true\" class=\"wp-block-spacer\"><\/div>\n\n\n\n<h2 class=\"has-text-align-left has-nv-text-dark-bg-color has-text-color wp-block-heading\">El boxeo es terap\u00e9utico<\/h2>\n\n\n\n<p class=\"has-text-align-left has-nv-text-dark-bg-color has-text-color\" style=\"font-size:17px\">Una de las mayores virtudes que nos brinda el entrenamiento de boxeo es la de reducir el amplio nivel de estr\u00e9s que maneja la sociedad hoy en d\u00eda.<\/p>\n\n\n\n<div class=\"wp-block-buttons is-horizontal is-content-justification-left is-layout-flex wp-container-core-buttons-is-layout-4 wp-block-buttons-is-layout-flex\">\n<div class=\"wp-block-button is-style-primary\"><a class=\"wp-block-button__link wp-element-button\" href=\"#\">LEER M\u00c1S<\/a><\/div>\n<\/div>\n<\/div>\n<\/div>\n\n\n\n<div style=\"height:40px\" aria-hidden=\"true\" class=\"wp-block-spacer\"><\/div>\n<\/div><\/div>\n<\/div><\/div>\n\n\n\n<div style=\"height:40px\" aria-hidden=\"true\" class=\"wp-block-spacer\"><\/div>\n\n\n\n<div class=\"wp-block-cover alignfull is-light\" style=\"min-height:600px;aspect-ratio:unset;\"><span aria-hidden=\"true\" class=\"wp-block-cover__background has-nv-site-bg-background-color has-background-dim-100 has-background-dim\"><\/span><div class=\"wp-block-cover__inner-container is-layout-flow wp-block-cover-is-layout-flow\">\n<div class=\"wp-block-group\"><div class=\"wp-block-group__inner-container is-layout-flow wp-block-group-is-layout-flow\">\n<div style=\"height:18px\" aria-hidden=\"true\" class=\"wp-block-spacer\"><\/div>\n\n\n\n<h2 class=\"has-neve-text-color-color has-text-color wp-block-heading\">EL BOX NO TIENE GENERO<\/h2>\n\n\n\n<p class=\"has-neve-link-color-color has-text-color\">Se cree que en las mujeres el boxeo hipertrofia el m\u00fasculo, nada mas lejos del error; solo lo tonifica, y la tonificaci\u00f3n permite tener brazos y piernas firmes.<\/p>\n\n\n\n<div class=\"wp-block-columns are-vertically-aligned-center is-layout-flex wp-container-core-columns-is-layout-5 wp-block-columns-is-layout-flex\">\n<div class=\"wp-block-column is-vertically-aligned-center is-layout-flow wp-block-column-is-layout-flow\" style=\"flex-basis:50%\">\n<figure class=\"wp-block-image size-large\"><img loading=\"lazy\" decoding=\"async\" width=\"1024\" height=\"1024\" src=\"https:\/\/fr-boxing.com.ar\/wordpress\/wp-content\/uploads\/2021\/11\/imagen2-1024x1024.jpg\" alt=\"\" class=\"wp-image-82\" srcset=\"http:\/\/fr-boxing.com.ar\/wordpress\/wp-content\/uploads\/2021\/11\/imagen2-1024x1024.jpg 1024w, http:\/\/fr-boxing.com.ar\/wordpress\/wp-content\/uploads\/2021\/11\/imagen2-300x300.jpg 300w, http:\/\/fr-boxing.com.ar\/wordpress\/wp-content\/uploads\/2021\/11\/imagen2-150x150.jpg 150w, http:\/\/fr-boxing.com.ar\/wordpress\/wp-content\/uploads\/2021\/11\/imagen2-768x768.jpg 768w, http:\/\/fr-boxing.com.ar\/wordpress\/wp-content\/uploads\/2021\/11\/imagen2.jpg 1080w\" sizes=\"auto, (max-width: 1024px) 100vw, 1024px\" \/><\/figure>\n\n\n\n<div style=\"height:40px\" aria-hidden=\"true\" class=\"wp-block-spacer\"><\/div>\n<\/div>\n\n\n\n<div class=\"wp-block-column is-vertically-aligned-center is-layout-flow wp-block-column-is-layout-flow\" style=\"flex-basis:50%\">\n<figure class=\"wp-block-image size-large\"><img loading=\"lazy\" decoding=\"async\" width=\"1024\" height=\"1024\" src=\"https:\/\/fr-boxing.com.ar\/wordpress\/wp-content\/uploads\/2021\/11\/imagen3-1024x1024.jpg\" alt=\"\" class=\"wp-image-83\" srcset=\"http:\/\/fr-boxing.com.ar\/wordpress\/wp-content\/uploads\/2021\/11\/imagen3-1024x1024.jpg 1024w, http:\/\/fr-boxing.com.ar\/wordpress\/wp-content\/uploads\/2021\/11\/imagen3-300x300.jpg 300w, http:\/\/fr-boxing.com.ar\/wordpress\/wp-content\/uploads\/2021\/11\/imagen3-150x150.jpg 150w, http:\/\/fr-boxing.com.ar\/wordpress\/wp-content\/uploads\/2021\/11\/imagen3-768x768.jpg 768w, http:\/\/fr-boxing.com.ar\/wordpress\/wp-content\/uploads\/2021\/11\/imagen3.jpg 1080w\" sizes=\"auto, (max-width: 1024px) 100vw, 1024px\" \/><\/figure>\n\n\n\n<div style=\"height:40px\" aria-hidden=\"true\" class=\"wp-block-spacer\"><\/div>\n<\/div>\n<\/div>\n\n\n\n<div style=\"height:40px\" aria-hidden=\"true\" class=\"wp-block-spacer\"><\/div>\n<\/div><\/div>\n<\/div><\/div>\n\n\n\n<div class=\"wp-block-cover alignfull is-light\" style=\"min-height:420px;aspect-ratio:unset;\"><span aria-hidden=\"true\" class=\"wp-block-cover__background has-nv-light-bg-background-color has-background-dim-100 has-background-dim\"><\/span><div class=\"wp-block-cover__inner-container is-layout-flow wp-block-cover-is-layout-flow\">\n<div style=\"height:80px\" aria-hidden=\"true\" class=\"wp-block-spacer\"><\/div>\n\n\n\n<div class=\"wp-block-columns is-layout-flex wp-container-core-columns-is-layout-6 wp-block-columns-is-layout-flex\">\n<div class=\"wp-block-column is-layout-flow wp-block-column-is-layout-flow\"><div class=\"wp-block-image is-style-rounded\">\n<figure class=\"aligncenter size-full is-resized\"><img loading=\"lazy\" decoding=\"async\" width=\"100\" height=\"150\" src=\"https:\/\/fr-boxing.com.ar\/wordpress\/wp-content\/uploads\/2021\/11\/fran-profe1.jpg\" alt=\"\" class=\"wp-image-94\" style=\"width:137px;height:206px\"\/><\/figure><\/div>\n\n\n<p class=\"has-text-align-center has-neve-text-color-color has-text-color has-normal-font-size\">\u201cNo renuncies, sufre ahora y vive el resto de tu vida como un campe\u00f3n\u201d<\/p>\n\n\n\n<p class=\"has-text-align-center has-neve-text-color-color has-text-color\">OLGUIN, FRANCISCO<\/p>\n\n\n\n<div style=\"height:20px\" aria-hidden=\"true\" class=\"wp-block-spacer\"><\/div>\n<\/div>\n<\/div>\n\n\n\n<div style=\"height:30px\" aria-hidden=\"true\" class=\"wp-block-spacer\"><\/div>\n<\/div><\/div>\n\n\n\n<div class=\"wp-block-cover alignfull is-light\" style=\"min-height:300px;aspect-ratio:unset;\"><span aria-hidden=\"true\" class=\"wp-block-cover__background has-nv-dark-bg-background-color has-background-dim-100 has-background-dim\"><\/span><div class=\"wp-block-cover__inner-container is-layout-flow wp-block-cover-is-layout-flow\">\n<div style=\"height:140px\" aria-hidden=\"true\" class=\"wp-block-spacer\"><\/div>\n\n\n\n<h2 class=\"has-text-align-center has-nv-text-dark-bg-color has-text-color has-large-font-size wp-block-heading\">Adem\u00e1s, tonificamos todo el cuerpo<\/h2>\n\n\n\n<p><\/p>\n\n\n\n<p class=\"has-text-align-center\">Es claro para cualquiera que este deporte mejora el tono muscular de brazos y hombros, pero tambi\u00e9n se trabaja fuerte toda la zona media, la espalda y piernas; porque se esta todo el tiempo en movimiento.<\/p>\n\n\n\n<div style=\"height:140px\" aria-hidden=\"true\" class=\"wp-block-spacer\"><\/div>\n<\/div><\/div>\n\n\n\n<p><\/p>\n","protected":false},"excerpt":{"rendered":"<p>CUMPL\u00cd TUS OBJETIVOS Nosotros como profesionales te ayudamos y acompa\u00f1amos para que puedas cumplir todas tus metas. TONIFIC\u00c1 En FR-Boxing entrenamos todo el cuerpo, vamos a tonificar piernas, zona media, espalda y brazos. TRABAJAMOS DURO Trabajamos duro para obtener resultados, depende tanto de nosotros como de tu compromiso.<\/p>\n","protected":false},"author":1,"featured_media":0,"parent":0,"menu_order":0,"comment_status":"closed","ping_status":"closed","template":"","meta":{"om_disable_all_campaigns":false,"neve_meta_sidebar":"","neve_meta_container":"","neve_meta_enable_content_width":"on","neve_meta_content_width":100,"neve_meta_title_alignment":"","neve_meta_author_avatar":"","neve_post_elements_order":"","neve_meta_disable_header":"","neve_meta_disable_footer":"","neve_meta_disable_title":"on","footnotes":""},"class_list":["post-12","page","type-page","status-publish","hentry"],"amp_enabled":true,"_links":{"self":[{"href":"http:\/\/fr-boxing.com.ar\/wordpress\/index.php?rest_route=\/wp\/v2\/pages\/12","targetHints":{"allow":["GET"]}}],"collection":[{"href":"http:\/\/fr-boxing.com.ar\/wordpress\/index.php?rest_route=\/wp\/v2\/pages"}],"about":[{"href":"http:\/\/fr-boxing.com.ar\/wordpress\/index.php?rest_route=\/wp\/v2\/types\/page"}],"author":[{"embeddable":true,"href":"http:\/\/fr-boxing.com.ar\/wordpress\/index.php?rest_route=\/wp\/v2\/users\/1"}],"replies":[{"embeddable":true,"href":"http:\/\/fr-boxing.com.ar\/wordpress\/index.php?rest_route=%2Fwp%2Fv2%2Fcomments&post=12"}],"version-history":[{"count":26,"href":"http:\/\/fr-boxing.com.ar\/wordpress\/index.php?rest_route=\/wp\/v2\/pages\/12\/revisions"}],"predecessor-version":[{"id":391,"href":"http:\/\/fr-boxing.com.ar\/wordpress\/index.php?rest_route=\/wp\/v2\/pages\/12\/revisions\/391"}],"wp:attachment":[{"href":"http:\/\/fr-boxing.com.ar\/wordpress\/index.php?rest_route=%2Fwp%2Fv2%2Fmedia&parent=12"}],"curies":[{"name":"wp","href":"https:\/\/api.w.org\/{rel}","templated":true}]}}