{"id":15,"date":"2021-11-06T17:17:23","date_gmt":"2021-11-06T17:17:23","guid":{"rendered":"https:\/\/fr-boxing.com.ar\/wordpress\/?page_id=15"},"modified":"2021-11-07T00:38:18","modified_gmt":"2021-11-07T00:38:18","slug":"porfolio","status":"publish","type":"page","link":"http:\/\/fr-boxing.com.ar\/wordpress\/?page_id=15","title":{"rendered":"testimonios"},"content":{"rendered":"\n<div class=\"wp-block-cover alignfull has-nv-site-bg-background-color has-background-dim\" style=\"min-height:300px;aspect-ratio:unset;\"><div class=\"wp-block-cover__inner-container is-layout-flow wp-block-cover-is-layout-flow\">\n<div class=\"wp-block-group\"><div class=\"wp-block-group__inner-container is-layout-flow wp-block-group-is-layout-flow\">\n<h1 class=\"has-text-align-left has-neve-text-color-color has-text-color wp-block-heading\">testimonios<\/h1>\n<\/div><\/div>\n<\/div><\/div>\n\n\n\n<div class=\"wp-block-columns is-layout-flex wp-container-core-columns-is-layout-1 wp-block-columns-is-layout-flex\"><\/div>\n\n\n\n<div class=\"wp-block-cover alignfull has-nv-light-bg-background-color has-background-dim\" style=\"min-height:1149px;aspect-ratio:unset;\"><div class=\"wp-block-cover__inner-container is-layout-flow wp-block-cover-is-layout-flow\">\n<div class=\"wp-block-group\"><div class=\"wp-block-group__inner-container is-layout-flow wp-block-group-is-layout-flow\">\n<div class=\"wp-block-columns are-vertically-aligned-center is-layout-flex wp-container-core-columns-is-layout-3 wp-block-columns-is-layout-flex\">\n<div class=\"wp-block-column is-vertically-aligned-center is-layout-flow wp-block-column-is-layout-flow\" style=\"flex-basis:50%\">\n<div class=\"wp-block-image\"><figure class=\"aligncenter size-large\"><img loading=\"lazy\" decoding=\"async\" width=\"1024\" height=\"1024\" src=\"https:\/\/fr-boxing.com.ar\/wordpress\/wp-content\/uploads\/2021\/11\/imagen4-1024x1024.jpg\" alt=\"\" class=\"wp-image-125\" srcset=\"http:\/\/fr-boxing.com.ar\/wordpress\/wp-content\/uploads\/2021\/11\/imagen4-1024x1024.jpg 1024w, http:\/\/fr-boxing.com.ar\/wordpress\/wp-content\/uploads\/2021\/11\/imagen4-300x300.jpg 300w, http:\/\/fr-boxing.com.ar\/wordpress\/wp-content\/uploads\/2021\/11\/imagen4-150x150.jpg 150w, http:\/\/fr-boxing.com.ar\/wordpress\/wp-content\/uploads\/2021\/11\/imagen4-768x768.jpg 768w, http:\/\/fr-boxing.com.ar\/wordpress\/wp-content\/uploads\/2021\/11\/imagen4.jpg 1080w\" sizes=\"auto, (max-width: 1024px) 100vw, 1024px\" \/><\/figure><\/div>\n\n\n\n<h3 class=\"has-text-align-center has-neve-text-color-color has-text-color wp-block-heading\">Familia avellaneda, la plata, bs.as.<\/h3>\n\n\n\n<p class=\"has-text-align-center has-neve-text-color-color has-text-color\">Compartir en familia las clases de Box de Francisco es algo<br>que esperamos\u00a0 en todo momento.\u00a0 Francisco sabe dise\u00f1ar el<br>entrenamiento equilibrando las cualidades de cada alumno.<br>Disfrutamos mucho ir a la clase , comentar luego que tal la<br>hemos pasado y progresar juntos. <\/p>\n\n\n\n<p><\/p>\n\n\n\n<p><\/p>\n<\/div>\n\n\n\n<div class=\"wp-block-column is-vertically-aligned-center is-layout-flow wp-block-column-is-layout-flow\" style=\"flex-basis:50%\">\n<div class=\"wp-block-columns is-layout-flex wp-container-core-columns-is-layout-2 wp-block-columns-is-layout-flex\">\n<div class=\"wp-block-column is-layout-flow wp-block-column-is-layout-flow\">\n<figure class=\"wp-block-image size-large is-style-default\"><img loading=\"lazy\" decoding=\"async\" width=\"1024\" height=\"1024\" src=\"https:\/\/fr-boxing.com.ar\/wordpress\/wp-content\/uploads\/2021\/11\/imagen7-3-1024x1024.jpg\" alt=\"\" class=\"wp-image-138\" srcset=\"http:\/\/fr-boxing.com.ar\/wordpress\/wp-content\/uploads\/2021\/11\/imagen7-3-1024x1024.jpg 1024w, http:\/\/fr-boxing.com.ar\/wordpress\/wp-content\/uploads\/2021\/11\/imagen7-3-300x300.jpg 300w, http:\/\/fr-boxing.com.ar\/wordpress\/wp-content\/uploads\/2021\/11\/imagen7-3-150x150.jpg 150w, http:\/\/fr-boxing.com.ar\/wordpress\/wp-content\/uploads\/2021\/11\/imagen7-3-768x768.jpg 768w, http:\/\/fr-boxing.com.ar\/wordpress\/wp-content\/uploads\/2021\/11\/imagen7-3.jpg 1080w\" sizes=\"auto, (max-width: 1024px) 100vw, 1024px\" \/><\/figure>\n<\/div>\n<\/div>\n\n\n\n<h3 class=\"has-text-align-center has-neve-text-color-color has-text-color wp-block-heading\">Rodrigo Cingolani &#8211; 29 a\u00f1os &#8211; La Plata, Argentina<\/h3>\n\n\n\n<p class=\"has-text-align-center has-neve-text-color-color has-text-color\">Hola mi nombre es Rodrigo, yo conoc\u00ed el entrenamiento de<br>boxeo ya de grande con 26 a\u00f1os . A mi personalmente<br>me gusta porque me ayuda para liberar tensiones, porque es<br>exigente y competitivo pero con uno mismo, para m\u00ed se trata<br>de ir superando cada uno de los miedos y l\u00edmites que nos<br>ponemos diciendo no eso no puedo, eso no me sale y es solo<br>tener paciencia y constancia con lo que uno quiere lograr.<\/p>\n<\/div>\n<\/div>\n<\/div><\/div>\n\n\n\n<div class=\"wp-block-columns is-layout-flex wp-container-core-columns-is-layout-4 wp-block-columns-is-layout-flex\">\n<div class=\"wp-block-column is-layout-flow wp-block-column-is-layout-flow\"><\/div>\n<\/div>\n\n\n\n<p><\/p>\n<\/div><\/div>\n\n\n\n<div class=\"wp-block-cover alignfull has-nv-site-bg-background-color has-background-dim\" style=\"min-height:600px;aspect-ratio:unset;\"><div class=\"wp-block-cover__inner-container is-layout-flow wp-block-cover-is-layout-flow\">\n<div class=\"wp-block-group\"><div class=\"wp-block-group__inner-container is-layout-flow wp-block-group-is-layout-flow\">\n<div style=\"height:80px\" aria-hidden=\"true\" class=\"wp-block-spacer\"><\/div>\n\n\n\n<div class=\"wp-block-columns is-layout-flex wp-container-core-columns-is-layout-5 wp-block-columns-is-layout-flex\">\n<div class=\"wp-block-column is-layout-flow wp-block-column-is-layout-flow\" style=\"flex-basis:50%\">\n<figure class=\"wp-block-image size-large\"><img loading=\"lazy\" decoding=\"async\" width=\"1024\" height=\"1024\" src=\"https:\/\/fr-boxing.com.ar\/wordpress\/wp-content\/uploads\/2021\/11\/imagen6-1024x1024.jpg\" alt=\"\" class=\"wp-image-127\" srcset=\"http:\/\/fr-boxing.com.ar\/wordpress\/wp-content\/uploads\/2021\/11\/imagen6-1024x1024.jpg 1024w, http:\/\/fr-boxing.com.ar\/wordpress\/wp-content\/uploads\/2021\/11\/imagen6-300x300.jpg 300w, http:\/\/fr-boxing.com.ar\/wordpress\/wp-content\/uploads\/2021\/11\/imagen6-150x150.jpg 150w, http:\/\/fr-boxing.com.ar\/wordpress\/wp-content\/uploads\/2021\/11\/imagen6-768x768.jpg 768w, http:\/\/fr-boxing.com.ar\/wordpress\/wp-content\/uploads\/2021\/11\/imagen6.jpg 1080w\" sizes=\"auto, (max-width: 1024px) 100vw, 1024px\" \/><\/figure>\n\n\n\n<h3 class=\"has-text-align-center has-neve-text-color-color has-text-color wp-block-heading\">Ilse Regina Cruz Scherenberg \/ 22 a\u00f1os \/ Chihuahua, M\u00e9xico<\/h3>\n\n\n\n<p class=\"has-text-align-center has-neve-text-color-color has-text-color\">Los entrenamientos son bastante din\u00e1micos, es una relaci\u00f3n<br>funcional con boxeo lo cual lo vuelve a\u00fan mejor, porque<br>no s\u00f3lo mejora la habilidad de boxear sino que tambi\u00e9n<br>permite enfocarte en generar fuerza en todo el cuerpo.<br>Es bastante parecido a la forma en la que entren\u00f3 en M\u00e9xico<br>y eso me agrada porque me permiti\u00f3 continuar con el mismo<br>rendimiento.<\/p>\n\n\n\n<div style=\"height:40px\" aria-hidden=\"true\" class=\"wp-block-spacer\"><\/div>\n<\/div>\n\n\n\n<div class=\"wp-block-column is-vertically-aligned-center is-layout-flow wp-block-column-is-layout-flow\" style=\"flex-basis:50%\">\n<div class=\"wp-block-image\"><figure class=\"aligncenter size-large\"><img loading=\"lazy\" decoding=\"async\" width=\"1024\" height=\"1024\" src=\"https:\/\/fr-boxing.com.ar\/wordpress\/wp-content\/uploads\/2021\/11\/imagen5-1024x1024.jpg\" alt=\"\" class=\"wp-image-129\" srcset=\"http:\/\/fr-boxing.com.ar\/wordpress\/wp-content\/uploads\/2021\/11\/imagen5-1024x1024.jpg 1024w, http:\/\/fr-boxing.com.ar\/wordpress\/wp-content\/uploads\/2021\/11\/imagen5-300x300.jpg 300w, http:\/\/fr-boxing.com.ar\/wordpress\/wp-content\/uploads\/2021\/11\/imagen5-150x150.jpg 150w, http:\/\/fr-boxing.com.ar\/wordpress\/wp-content\/uploads\/2021\/11\/imagen5-768x768.jpg 768w, http:\/\/fr-boxing.com.ar\/wordpress\/wp-content\/uploads\/2021\/11\/imagen5.jpg 1080w\" sizes=\"auto, (max-width: 1024px) 100vw, 1024px\" \/><\/figure><\/div>\n\n\n\n<h3 class=\"has-text-align-center has-neve-text-color-color has-text-color wp-block-heading\">Pagnutti Noral\u00ed \/ 39 a\u00f1os \/ La Plata, Argentina<\/h3>\n\n\n\n<p class=\"has-text-align-center has-neve-text-color-color has-text-color\">desde los 4 a los 25 a\u00f1os hice danzas espa\u00f1olas, luego<br>empec\u00e9 varias disciplinas en diferentes gimnasios y en<br>ninguna encontr\u00e9 esa pasi\u00f3n para comprometerme de la<br>misma manera. Hace poco m\u00e1s de dos a\u00f1os prob\u00e9 boxeo y<br>sin ning\u00fan tipo de expectativa descubr\u00ed una clase din\u00e1mica<br>y muy completa que mezcla partes aer\u00f3bicas, de fuerza y<br>t\u00e9cnica. En parte creo que fue esto \u00faltimo lo que me atrap\u00f3,<br>la curiosidad por lo desconocido, el compromiso con el<br>aprendizaje y con la persona que se toma el tiempo para ense\u00f1arte. Encontr\u00e9 un deporte que me permite ejercitarme de forma placentera, desafiarme cada d\u00eda a m\u00e1s y en buena compa\u00f1\u00eda.<\/p>\n\n\n\n<div style=\"height:40px\" aria-hidden=\"true\" class=\"wp-block-spacer\"><\/div>\n\n\n\n<p><\/p>\n<\/div>\n<\/div>\n\n\n\n<div style=\"height:40px\" aria-hidden=\"true\" class=\"wp-block-spacer\"><\/div>\n<\/div><\/div>\n<\/div><\/div>\n\n\n\n<div class=\"wp-block-cover alignfull has-nv-dark-bg-background-color has-background-dim\" style=\"min-height:300px;aspect-ratio:unset;\"><div class=\"wp-block-cover__inner-container is-layout-flow wp-block-cover-is-layout-flow\">\n<div style=\"height:80px\" aria-hidden=\"true\" class=\"wp-block-spacer\"><\/div>\n\n\n\n<p class=\"has-text-align-center has-nv-text-dark-bg-color has-text-color\"><\/p>\n\n\n\n<p class=\"has-text-align-center has-nv-text-dark-bg-color has-text-color\" style=\"font-size:14px\"><\/p>\n\n\n\n<div style=\"height:80px\" aria-hidden=\"true\" class=\"wp-block-spacer\"><\/div>\n<\/div><\/div>\n","protected":false},"excerpt":{"rendered":"","protected":false},"author":1,"featured_media":0,"parent":0,"menu_order":0,"comment_status":"closed","ping_status":"closed","template":"","meta":{"om_disable_all_campaigns":false,"neve_meta_sidebar":"","neve_meta_container":"","neve_meta_enable_content_width":"on","neve_meta_content_width":100,"neve_meta_title_alignment":"","neve_meta_author_avatar":"","neve_post_elements_order":"","neve_meta_disable_header":"","neve_meta_disable_footer":"","neve_meta_disable_title":"on","footnotes":""},"class_list":["post-15","page","type-page","status-publish","hentry"],"amp_enabled":true,"_links":{"self":[{"href":"http:\/\/fr-boxing.com.ar\/wordpress\/index.php?rest_route=\/wp\/v2\/pages\/15","targetHints":{"allow":["GET"]}}],"collection":[{"href":"http:\/\/fr-boxing.com.ar\/wordpress\/index.php?rest_route=\/wp\/v2\/pages"}],"about":[{"href":"http:\/\/fr-boxing.com.ar\/wordpress\/index.php?rest_route=\/wp\/v2\/types\/page"}],"author":[{"embeddable":true,"href":"http:\/\/fr-boxing.com.ar\/wordpress\/index.php?rest_route=\/wp\/v2\/users\/1"}],"replies":[{"embeddable":true,"href":"http:\/\/fr-boxing.com.ar\/wordpress\/index.php?rest_route=%2Fwp%2Fv2%2Fcomments&post=15"}],"version-history":[{"count":8,"href":"http:\/\/fr-boxing.com.ar\/wordpress\/index.php?rest_route=\/wp\/v2\/pages\/15\/revisions"}],"predecessor-version":[{"id":141,"href":"http:\/\/fr-boxing.com.ar\/wordpress\/index.php?rest_route=\/wp\/v2\/pages\/15\/revisions\/141"}],"wp:attachment":[{"href":"http:\/\/fr-boxing.com.ar\/wordpress\/index.php?rest_route=%2Fwp%2Fv2%2Fmedia&parent=15"}],"curies":[{"name":"wp","href":"https:\/\/api.w.org\/{rel}","templated":true}]}}